{"id":1299,"date":"2021-10-19T14:36:03","date_gmt":"2021-10-19T12:36:03","guid":{"rendered":"https:\/\/geretsrieder-mbc.de\/wp\/?page_id=1299"},"modified":"2026-01-12T17:21:56","modified_gmt":"2026-01-12T16:21:56","slug":"aufnahmeantrag","status":"publish","type":"page","link":"https:\/\/geretsrieder-mbc.de\/wp\/verein\/aufnahmeantrag\/","title":{"rendered":"Aufnahmeantrag"},"content":{"rendered":"\n<p class=\"has-medium-font-size\">Liebe\/r Modellfluginteressierte\/r,<\/p>\n\n\n\n<p class=\"has-medium-font-size\">wir freuen uns \u00fcber dein Interesse an unserem Verein. Bevor du jedoch voller Eifer den Aufnahmeantrag ausf\u00fcllst, w\u00fcrden wir dich gerne erst kennen lernen. Komm uns einfach mal an einem sch\u00f6nen Tag am Modellflugplatz besuchen. Am besten meldest du dich vorher kurz telefonisch beim Vorstand und machst einen Termin aus. F\u00fcr Modellflug-Anf\u00e4nger bieten wir Lehrer-Sch\u00fcler-Flugm\u00f6glichkeiten und Beratung bei der Flugger\u00e4tewahl.<\/p>\n\n\n\n<p class=\"has-medium-font-size\">Drohnen, Helikopter, Motorflugzeuge und Segler sind herzlich willkommen. Bei uns wird rein elektrisch geflogen. Zudem sind aufgrund von L\u00e4rmschutz Druckantrieb, Helis \u00fcber 500&nbsp;mm Rotorblattl\u00e4nge und grunds\u00e4tzlich laute Modelle untersagt. Der Vorstand beh\u00e4lt sich vor, einzelne Modelle bei uns am Platz zu verbieten. Wenn du Zweifel hast, ob bestimmte Modelle bei uns geflogen werden d\u00fcrfen, sprich auch das direkt beim Vorstand an.<\/p>\n\n\n\n<p class=\"has-medium-font-size\">Wenn es dir nach deinem Besuch bei uns gef\u00e4llt und du dich entschieden hast Mitglied werden zu wollen, sind der Aufnahmeantrag, das Versicherungsformular, die Erteilung des SEPA-Lastschriftmandats und die Datenschutzerkl\u00e4rung vollst\u00e4ndig ausgef\u00fcllt und unterschrieben an ein Mitglied des Vorstands zu \u00fcbergeben. Dies kann pers\u00f6nlich, auf dem Postweg oder als PDF per Email an vorstand@geretsrieder-mbc.de erfolgen.<\/p>\n\n\n\n<div style=\"height:41px\" aria-hidden=\"true\" class=\"wp-block-spacer\"><\/div>\n\n\n\n<p>Hinweis:<\/p>\n\n\n\n<p>Unsere Mitgliederzahl ist begrenzt. Die Aufnahme erfolgt nicht automatisch durch Abgabe des Aufnahmeantrages sondern richtet sich nach der aktuellen Mitgliederzahl und Beratung der Vorstandsmitglieder. Eine Annahmebest\u00e4tigung erfolgt m\u00fcndlich oder schriftlich durch den Vorstand oder wird durch Ablehnung des Aufnahmeantrags verweigert.<\/p>\n\n\n\n<p><\/p>\n\n\n\n<h5 class=\"wp-block-heading\">Downloads:<\/h5>\n\n\n\n<div class=\"wp-block-columns is-layout-flex wp-container-core-columns-is-layout-28f84493 wp-block-columns-is-layout-flex\">\n<div class=\"wp-block-column is-vertically-aligned-center is-layout-flow wp-block-column-is-layout-flow\" style=\"flex-basis:50%\">\n<p class=\"has-text-align-left has-medium-font-size\"><a href=\"https:\/\/geretsrieder-mbc.de\/wp\/wp-content\/uploads\/2026\/01\/20260112_Aufnahmeantrag.pdf\" data-type=\"attachment\" data-id=\"1773\" target=\"_blank\" rel=\"noreferrer noopener\">Aufnahmeantrag (PDF)<\/a><\/p>\n<\/div>\n\n\n\n<div class=\"wp-block-column is-layout-flow wp-block-column-is-layout-flow\" style=\"flex-basis:50%\">\n<div class=\"wp-block-buttons is-layout-flex wp-block-buttons-is-layout-flex\">\n<div class=\"wp-block-button has-custom-width wp-block-button__width-50 is-style-no-shadow\"><a class=\"wp-block-button__link wp-element-button\" href=\"https:\/\/geretsrieder-mbc.de\/wp\/wp-content\/uploads\/2026\/01\/20260112_Aufnahmeantrag.pdf\" target=\"_blank\" rel=\"noopener noreferrer noopener\">Herunterladen<\/a><\/div>\n<\/div>\n<\/div>\n<\/div>\n\n\n\n<p><\/p>\n","protected":false},"excerpt":{"rendered":"<p>Liebe\/r Modellfluginteressierte\/r, wir freuen uns \u00fcber dein Interesse an unserem Verein. Bevor du jedoch voller Eifer den Aufnahmeantrag ausf\u00fcllst, w\u00fcrden wir dich gerne erst kennen lernen. Komm uns einfach mal an einem sch\u00f6nen Tag am Modellflugplatz besuchen. Am besten meldest du dich vorher kurz telefonisch beim Vorstand und machst einen Termin aus. F\u00fcr Modellflug-Anf\u00e4nger bieten [&hellip;]<\/p>\n","protected":false},"author":3,"featured_media":0,"parent":10,"menu_order":0,"comment_status":"closed","ping_status":"closed","template":"","meta":{"_mc_calendar":[],"footnotes":""},"class_list":["post-1299","page","type-page","status-publish","hentry"],"_links":{"self":[{"href":"https:\/\/geretsrieder-mbc.de\/wp\/wp-json\/wp\/v2\/pages\/1299","targetHints":{"allow":["GET"]}}],"collection":[{"href":"https:\/\/geretsrieder-mbc.de\/wp\/wp-json\/wp\/v2\/pages"}],"about":[{"href":"https:\/\/geretsrieder-mbc.de\/wp\/wp-json\/wp\/v2\/types\/page"}],"author":[{"embeddable":true,"href":"https:\/\/geretsrieder-mbc.de\/wp\/wp-json\/wp\/v2\/users\/3"}],"replies":[{"embeddable":true,"href":"https:\/\/geretsrieder-mbc.de\/wp\/wp-json\/wp\/v2\/comments?post=1299"}],"version-history":[{"count":16,"href":"https:\/\/geretsrieder-mbc.de\/wp\/wp-json\/wp\/v2\/pages\/1299\/revisions"}],"predecessor-version":[{"id":1775,"href":"https:\/\/geretsrieder-mbc.de\/wp\/wp-json\/wp\/v2\/pages\/1299\/revisions\/1775"}],"up":[{"embeddable":true,"href":"https:\/\/geretsrieder-mbc.de\/wp\/wp-json\/wp\/v2\/pages\/10"}],"wp:attachment":[{"href":"https:\/\/geretsrieder-mbc.de\/wp\/wp-json\/wp\/v2\/media?parent=1299"}],"curies":[{"name":"wp","href":"https:\/\/api.w.org\/{rel}","templated":true}]}}